{"id":8765,"date":"2024-05-17T13:40:21","date_gmt":"2024-05-17T13:40:21","guid":{"rendered":"https:\/\/shop.audruring.ee\/?post_type=product&#038;p=8765"},"modified":"2024-05-17T13:42:40","modified_gmt":"2024-05-17T13:42:40","slug":"porsche-718-boxster-gts-rajatakso-3-ringi","status":"publish","type":"product","link":"https:\/\/shop.audruring.ee\/en\/product\/porsche-718-boxster-gts-rajatakso-3-ringi\/","title":{"rendered":"Porsche 718 Boxster GTS rajatakso &#8220;3 ringi&#8221;"},"content":{"rendered":"<p><strong>Terms and conditions<\/strong><\/p>\n<ul>\n<li>Driving period is seasonal, from May till the end of September. No driving in rain or if the track is wet.<\/li>\n<li>Booking: +372 58 666 636 or kontakt@porschering.ee<\/li>\n<li>Service provider has the right to make changes in the terms and conditions without prior notice.<\/li>\n<li>The driver has to sign\u00a0<a href=\"https:\/\/www.audruring.ee\/rajainfo\/eeskirjad\" target=\"_blank\" rel=\"noopener\">terms and conditions<\/a>\u00a0and\u00a0<a href=\"https:\/\/www.audruring.ee\/rajainfo\/meelespea\" target=\"_blank\" rel=\"noopener\">Track regulation<\/a><\/li>\n<li>S\u00f5idu broneeringu aeg on indikatiivne, kuiv\u00f5rd s\u00f5itmine toimub ringrajal 30-minutiliste sessioonide kaupa eraldi autodele ja mootorratastele, millest tulenevalt v\u00f5ib teie broneeringuaeg nihkuda hilisemaks.<\/li>\n<li>Voucher is valid one year since buying.<\/li>\n<li>Kinkekaart saabub sinu e-mailile kohe peale pangalingi kaudu tasumist ning on prinditaval kujul.<\/li>\n<li><strong>NB! It is not possible to write in Russian alphabet !<\/strong><\/li>\n<\/ul>\n<p>Rental price includes:<\/p>\n<ul>\n<li>using the car<\/li>\n<li>track ticket<\/li>\n<li>instruction<\/li>\n<li>all expendable materials<\/li>\n<li>3-ringiline rajatakso s\u00f5iduelamus sisaldab \u00fchte soojendusringi, \u00fchte kiiret ringi ja \u00fchte jahutusringi.<\/li>\n<\/ul>","protected":false},"excerpt":{"rendered":"<p>Pakume Sulle v\u00f5imalust saada unustamatu s\u00f5iduelamuse osaliseks ringrajal v\u00f5imsa sportauto k\u00f5rvalistmel. Elamuss\u00f5itu teostab meie kogenud s\u00f5iduinstruktor.<\/p>\n<p><strong>Car:<\/strong><\/p>\n<p>Porsche 718 Boxster GTS 4.0<\/p>\n<p>Production year 2024<\/p>\n<p>Engine capacity 4,0 l H6<\/p>\n<p>Power 400hj (294kw)<\/p>\n<p>Torque 420 Nm<\/p>\n<p>Acceleration 0-100 km\/h 4,5 sec<\/p>\n<p>Curb weight 1405 kg<\/p>\n<p>Max speed 293 km\/h<\/p>\n<p>RWD<\/p>\n<p>PDK automatic gearbox<\/p>","protected":false},"featured_media":8488,"comment_status":"open","ping_status":"closed","template":"","meta":[],"_links":{"self":[{"href":"https:\/\/shop.audruring.ee\/en\/wp-json\/wp\/v2\/product\/8765"}],"collection":[{"href":"https:\/\/shop.audruring.ee\/en\/wp-json\/wp\/v2\/product"}],"about":[{"href":"https:\/\/shop.audruring.ee\/en\/wp-json\/wp\/v2\/types\/product"}],"replies":[{"embeddable":true,"href":"https:\/\/shop.audruring.ee\/en\/wp-json\/wp\/v2\/comments?post=8765"}],"wp:featuredmedia":[{"embeddable":true,"href":"https:\/\/shop.audruring.ee\/en\/wp-json\/wp\/v2\/media\/8488"}],"wp:attachment":[{"href":"https:\/\/shop.audruring.ee\/en\/wp-json\/wp\/v2\/media?parent=8765"}],"curies":[{"name":"wp","href":"https:\/\/api.w.org\/{rel}","templated":true}]}}