{"id":8472,"date":"2024-03-04T17:41:17","date_gmt":"2024-03-04T17:41:17","guid":{"rendered":"https:\/\/shop.audruring.ee\/?post_type=product&#038;p=8472"},"modified":"2024-03-21T13:44:04","modified_gmt":"2024-03-21T13:44:04","slug":"porsche-boxster_gts_5ringi","status":"publish","type":"product","link":"https:\/\/shop.audruring.ee\/en\/product\/porsche-boxster_gts_5ringi\/","title":{"rendered":"Porsche 718 Boxter GTS \"5 laps\""},"content":{"rendered":"<p><strong>Terms and conditions<\/strong><\/p>\n<ul>\n<li>Driving period is seasonal, from May till the end of September. No driving in rain or if the track is wet.<\/li>\n<li>Booking: +372 58 666 636 or kontakt@porschering.ee<\/li>\n<li>Service provider has the right to make changes in the terms and conditions without prior notice.<\/li>\n<li>S\u00f5itja peab omama kehtivat B-kategooria juhiluba.<\/li>\n<li>The driver has to sign\u00a0<a href=\"https:\/\/www.audruring.ee\/rajainfo\/eeskirjad\" target=\"_blank\" rel=\"noopener\">terms and conditions<\/a>\u00a0and\u00a0<a href=\"https:\/\/www.audruring.ee\/rajainfo\/meelespea\" target=\"_blank\" rel=\"noopener\">Track regulation<\/a><\/li>\n<li>S\u00f5idu broneeringu aeg on indikatiivne, kuiv\u00f5rd s\u00f5itmine toimub ringrajal 30-minutiliste sessioonide kaupa eraldi autodele ja mootorratastele, millest tulenevalt v\u00f5ib teie broneeringuaeg nihkuda hilisemaks.<\/li>\n<li>Voucher is valid one year since buying.<\/li>\n<li>Kinkekaart saabub sinu e-mailile kohe peale pangalingi kaudu tasumist ning on prinditaval kujul.<\/li>\n<li><strong>NB! It is not possible to write in Russian alphabet !<\/strong><\/li>\n<\/ul>\n<p>Rental price includes:<\/p>\n<ul>\n<li>using the car<\/li>\n<li>track ticket<\/li>\n<li>instruction<\/li>\n<li>all expendable materials<\/li>\n<li>5-ringiline s\u00f5iduelamus sisaldab \u00fchte soojendusringi, kolme kiiret ringi ja \u00fchte jahutusringi.<\/li>\n<\/ul>","protected":false},"excerpt":{"rendered":"<p>Kas oled ennast ette kujutanud m\u00f5ne v\u00e4ga kiire sportauto roolis?<\/p>\n<p>Now you can try our Porsche 718 Boxster GTS 4.0 on the best race track in the Nordics with the instructions and help of the driving instructor.  Porsche 718 Boxster GTS 4.0 is the most powerful Boxster and has 4.0l, 400hp engine, accelerating 0-100km\/h 4,5 seconds. During the driving experience the client will drive 3 or 5 laps with the driving instructor on a passenger seat. The service can be bought also as a taxi service where the client can enjoy fast laps made by our driving instructor.<\/p>\n<p><strong>Car:<\/strong><\/p>\n<p>Porsche 718 Boxster GTS 4.0<\/p>\n<p>Production year 2024<\/p>\n<p>Engine capacity 4,0 l H6<\/p>\n<p>Power 400hj (294kw)<\/p>\n<p>Torque 420 Nm<\/p>\n<p>Acceleration 0-100 km\/h 4,5 sec<\/p>\n<p>Curb weight 1405 kg<\/p>\n<p>Max speed 293 km\/h<\/p>\n<p>RWD<\/p>\n<p>PDK automatic gearbox<\/p>","protected":false},"featured_media":8487,"comment_status":"open","ping_status":"closed","template":"","meta":[],"_links":{"self":[{"href":"https:\/\/shop.audruring.ee\/en\/wp-json\/wp\/v2\/product\/8472"}],"collection":[{"href":"https:\/\/shop.audruring.ee\/en\/wp-json\/wp\/v2\/product"}],"about":[{"href":"https:\/\/shop.audruring.ee\/en\/wp-json\/wp\/v2\/types\/product"}],"replies":[{"embeddable":true,"href":"https:\/\/shop.audruring.ee\/en\/wp-json\/wp\/v2\/comments?post=8472"}],"wp:featuredmedia":[{"embeddable":true,"href":"https:\/\/shop.audruring.ee\/en\/wp-json\/wp\/v2\/media\/8487"}],"wp:attachment":[{"href":"https:\/\/shop.audruring.ee\/en\/wp-json\/wp\/v2\/media?parent=8472"}],"curies":[{"name":"wp","href":"https:\/\/api.w.org\/{rel}","templated":true}]}}