{"id":2994,"date":"2020-02-19T09:59:22","date_gmt":"2020-02-19T09:59:22","guid":{"rendered":"http:\/\/shop.auto24ring.ee\/?post_type=product&#038;p=2994"},"modified":"2020-02-19T10:06:23","modified_gmt":"2020-02-19T10:06:23","slug":"ajavotuseadme-rent","status":"publish","type":"product","link":"https:\/\/shop.audruring.ee\/en\/product\/ajavotuseadme-rent\/","title":{"rendered":"Transponder rent"},"content":{"rendered":"<p>If you want timing then you can rent time keeping device from us.<\/p>\n<ul>\n<li>We need your ID or document to rent the device.<\/li>\n<li>You have to return transponder immediately after driving.<\/li>\n<li>If you lose or break the transponder, a penalty of 450\u20ac will apply, that have to be paid on site immediately.<\/li>\n<\/ul>\n<p>&nbsp;<\/p>","protected":false},"excerpt":{"rendered":"<p>Kui soovid oma s\u00f5iduelamusele juurde ajav\u00f5ttu, saad meilt rentida selleks ajav\u00f5tuseadme. Ajav\u00f5tuseade v\u00e4ljastatakse kliendile isikut t\u00f5endava dokumendi vastu. Ajav\u00f5tuseade tuleb tagastada peale s\u00f5itu koheselt meie klienditeenindajale, klienditeenindaja tagastab seej\u00e4rel dokumendi. Ajav\u00f5tuseadme kaotamisel v\u00f5i selle l\u00f5hkumisel kohaldub rahatrahv \u20ac450, mis kuulub tasumisele koheselt. &nbsp;<\/p>","protected":false},"featured_media":2174,"comment_status":"open","ping_status":"closed","template":"","meta":[],"_links":{"self":[{"href":"https:\/\/shop.audruring.ee\/en\/wp-json\/wp\/v2\/product\/2994"}],"collection":[{"href":"https:\/\/shop.audruring.ee\/en\/wp-json\/wp\/v2\/product"}],"about":[{"href":"https:\/\/shop.audruring.ee\/en\/wp-json\/wp\/v2\/types\/product"}],"replies":[{"embeddable":true,"href":"https:\/\/shop.audruring.ee\/en\/wp-json\/wp\/v2\/comments?post=2994"}],"wp:featuredmedia":[{"embeddable":true,"href":"https:\/\/shop.audruring.ee\/en\/wp-json\/wp\/v2\/media\/2174"}],"wp:attachment":[{"href":"https:\/\/shop.audruring.ee\/en\/wp-json\/wp\/v2\/media?parent=2994"}],"curies":[{"name":"wp","href":"https:\/\/api.w.org\/{rel}","templated":true}]}}