{"id":10597,"date":"2026-04-12T18:50:06","date_gmt":"2026-04-12T18:50:06","guid":{"rendered":"https:\/\/shop.audruring.ee\/?post_type=product&#038;p=10597"},"modified":"2026-04-14T19:33:45","modified_gmt":"2026-04-14T19:33:45","slug":"mannergute-mooduvott-54","status":"publish","type":"product","link":"https:\/\/shop.audruring.ee\/en\/product\/mannergute-mooduvott-54\/","title":{"rendered":"Mannergute M\u00f5\u00f5duv\u00f5tt #54 &#8211; 17.5.26"},"content":{"rendered":"<p>MM54 toimub 17.5.2026.<\/p>\n<p class=\"font_8\">Osav\u00f5tutasu:<\/p>\n<p class=\"font_8\">registreerudes e-poes kuni 2.5.2026 \u20ac350\/meeskond;<\/p>\n<p class=\"font_8\">registreerudes e-poes 3.-10.5.2026 \u20ac400\/meeskond;<\/p>\n<p class=\"font_8\">registreerudes p\u00e4rast 10.5.2026 ja toimumise p\u00e4eval kohapeal \u20ac450\/meeskond.<\/p>\n<p class=\"font_8\"><span class=\"wixGuard\">\u200b<\/span>\u200bPane palun t\u00e4hele, et varasema registreerumise soodsam hind kehtib juhul kui ka osav\u00f5tutasu on \u00f5igeaegselt tasutud.\u200b<\/p>\n<p>Autokoht garaa\u017eiboksis \u20ac100, \u00fches boksis koos kaks autot. Boksikoha saad osta <a href=\"https:\/\/shop.audruring.ee\/toode\/garaazikoha-rent-mm54\/\">SIIT<\/a>.<\/p>\n<p class=\"font_8 wixui-rich-text__text\"><span class=\"wixui-rich-text__text\">Ajakava:<\/span><\/p>\n<p class=\"font_8 wixui-rich-text__text\"><span class=\"wixui-rich-text__text\">080<\/span><span class=\"wixui-rich-text__text\">0-1115 Paberimajandus registratuuris ja tehniline kontroll;<\/span><\/p>\n<p class=\"font_8 wixui-rich-text__text\"><span class=\"wixui-rich-text__text\">1115-1130 Mannergute M\u00f5\u00f5duv\u00f5tu osalejate paigutamine stardirivvi;<br class=\"wixui-rich-text__text\" \/>1130-1150 Mannergute M\u00f5\u00f5duv\u00f5tu osalejate kohustuslik koosolek;<br class=\"wixui-rich-text__text\" \/>1155 &#8211; 5 minuti m\u00e4rguanne &#8211; v\u00f5tke teadmiseks, et stardini on j\u00e4\u00e4nud 5 minutit;<br class=\"wixui-rich-text__text\" \/>1157 &#8211; 3 minuti m\u00e4rguanne- k\u00f5ik inimesed, v\u00e4lja arvatud juht ja \u00fcks mehaanik lahkuvad stardialalt;<br class=\"wixui-rich-text__text\" \/>1159 &#8211; 1 minut m\u00e4rguanne &#8211; mootorid k\u00e4ivitatakse, mehaanikud lahkuvad stardialalt;<br class=\"wixui-rich-text__text\" \/>1200 &#8211; Start MM 8h s\u00f5idule<br class=\"wixui-rich-text__text\" \/>2000 &#8211; MM 8h fini\u0161<\/span><\/p>\n<p class=\"font_8 wixui-rich-text__text\">Kasutatav rada: vaata lisatud rajajoonist.<\/p>\n<p class=\"font_8 wixui-rich-text__text\">Rehvid: lubatud t\u00e4navalegaalsed suve- ja lamellrehvid. Naastrehvid keelatud;<\/p>\n<p class=\"font_8 wixui-rich-text__text\">Testi kestvus: 8h;<\/p>\n<p>Stardij\u00e4rjekorra moodustamise alus: kiirem registreerumine annab parema stardipositsiooni;<\/p>\n<p>Karikate jagamise alus: stabiilsus<\/p>\n<p>Tulede kasutamine: s\u00f5iduki tuled, seal hulgas lisatuled, peavad vastama Liiklusseaduse n\u00f5uetele. See t\u00e4hendab, et t\u00f6\u00f6tulede kasutamine ei ole lubatud ja lisatulede ei tohi kasutatavate tulede (originaaltuled ja lisatuled) kontrollarvude summa \u00fcletada 100. T\u00e4psema regulatsiooni leiad vastavast <a href=\"https:\/\/www.riigiteataja.ee\/aktilisa\/1050\/7202\/3278\/MKM_m41_lisa_1.pdf#\">m\u00e4\u00e4ruse lisast.<\/a><\/p>\n<p><strong>NB! P\u00f6\u00f6rake kindlasti t\u00e4helepanu uuenenud <a href=\"https:\/\/www.mannergutemooduvott.ee\/_files\/ugd\/e71cbf_c2bcdab2dce54e35a6a83661b1db4232.pdf\"><span style=\"color: #ff0000;\">MM \u00dcldjuhendile<\/span><\/a> ja <a href=\"https:\/\/www.mannergutemooduvott.ee\/_files\/ugd\/e71cbf_b029f6a334734c52a08a349b80df8218.pdf\"><span style=\"color: #ff0000;\">Tehnilistele tingimustele.<\/span><\/a><\/strong><\/p>\n<p>Kui soovid registreerida oma tiimile hooajaks p\u00fcsivate meeskonna numbrit, siis kirjuta soovist info@mannergutemooduvott.ee. Numbri registreerimine maksab \u20ac75.<\/p>\n<p class=\"font_8 wixui-rich-text__text\"><span class=\"wixui-rich-text__text\"><span class=\"wixGuard wixui-rich-text__text\">\u200b<\/span><\/span><a class=\"wixui-rich-text__text\" href=\"https:\/\/www.dropbox.com\/scl\/fi\/u6dh87zp3ac9m39eat18i\/Osalejate-info-MM-1.pptx?rlkey=wxeg2clx0rjvv0p48uim79ojp&amp;dl=0\" target=\"_blank\" rel=\"noopener\"><span class=\"wixui-rich-text__text\">V\u00c4GA oluline info rajal s\u00f5itmise kohta on saadaval SIIN.<\/span><\/a><\/p>\n<p class=\"font_8 wixui-rich-text__text\"><span class=\"wixui-rich-text__text\"><span class=\"wixGuard wixui-rich-text__text\">\u200b<\/span><\/span><span class=\"wixui-rich-text__text\"><a class=\"wixui-rich-text__text\" href=\"https:\/\/www.mannergutemooduvott.ee\/kalkulaator\" target=\"_blank\" rel=\"noreferrer noopener\">Kas mu auto sobib mannerguks? Vajuta siia ja saa teada!<\/a><\/span><\/p>\n<p>&nbsp;<\/p>\n<p>Korraldaja M\u00f5\u00f5duv\u00f5tt MT\u00dc, registreerimine toimub l\u00e4bi Rada O\u00dc e-poe. Rada O\u00dc ei ole Mannergute M\u00f5\u00f5duv\u00f5tu korraldaja.<\/p>\n<p>&nbsp;<\/p>","protected":false},"excerpt":{"rendered":"<p>Lisa toode ostukorvi ning suundu maksma. <strong>Registreerumiseks<\/strong> vajalik <strong>ankeet on t\u00e4idetav ostukorvi vaates<\/strong> makse kinnituse juures.<\/p>","protected":false},"featured_media":10598,"comment_status":"closed","ping_status":"closed","template":"","meta":[],"_links":{"self":[{"href":"https:\/\/shop.audruring.ee\/en\/wp-json\/wp\/v2\/product\/10597"}],"collection":[{"href":"https:\/\/shop.audruring.ee\/en\/wp-json\/wp\/v2\/product"}],"about":[{"href":"https:\/\/shop.audruring.ee\/en\/wp-json\/wp\/v2\/types\/product"}],"replies":[{"embeddable":true,"href":"https:\/\/shop.audruring.ee\/en\/wp-json\/wp\/v2\/comments?post=10597"}],"wp:featuredmedia":[{"embeddable":true,"href":"https:\/\/shop.audruring.ee\/en\/wp-json\/wp\/v2\/media\/10598"}],"wp:attachment":[{"href":"https:\/\/shop.audruring.ee\/en\/wp-json\/wp\/v2\/media?parent=10597"}],"curies":[{"name":"wp","href":"https:\/\/api.w.org\/{rel}","templated":true}]}}