{"id":10596,"date":"2026-04-12T18:49:01","date_gmt":"2026-04-12T18:49:01","guid":{"rendered":"https:\/\/shop.audruring.ee\/?post_type=product&#038;p=10596"},"modified":"2026-04-12T20:36:50","modified_gmt":"2026-04-12T20:36:50","slug":"garaazikoha-rent-mm54","status":"publish","type":"product","link":"https:\/\/shop.audruring.ee\/en\/product\/garaazikoha-rent-mm54\/","title":{"rendered":"Garaa\u017eikoha rent MM54 tarbeks"},"content":{"rendered":"","protected":false},"excerpt":{"rendered":"<p>Autokoht garaa\u017eiboksis MM \u00fcrituse p\u00e4eval.<\/p>\n<p>NB!<\/p>\n<ul>\n<li>\u00dches boksis on koos kaks autot, k\u00e4esoleva toote sisuks on \u00fche auto koht boksis.<\/li>\n<li>Broneeritud boksi lunastamiseks on vaja teada voucheri numbrit.<\/li>\n<\/ul>","protected":false},"featured_media":4722,"comment_status":"open","ping_status":"closed","template":"","meta":[],"_links":{"self":[{"href":"https:\/\/shop.audruring.ee\/en\/wp-json\/wp\/v2\/product\/10596"}],"collection":[{"href":"https:\/\/shop.audruring.ee\/en\/wp-json\/wp\/v2\/product"}],"about":[{"href":"https:\/\/shop.audruring.ee\/en\/wp-json\/wp\/v2\/types\/product"}],"replies":[{"embeddable":true,"href":"https:\/\/shop.audruring.ee\/en\/wp-json\/wp\/v2\/comments?post=10596"}],"wp:featuredmedia":[{"embeddable":true,"href":"https:\/\/shop.audruring.ee\/en\/wp-json\/wp\/v2\/media\/4722"}],"wp:attachment":[{"href":"https:\/\/shop.audruring.ee\/en\/wp-json\/wp\/v2\/media?parent=10596"}],"curies":[{"name":"wp","href":"https:\/\/api.w.org\/{rel}","templated":true}]}}