{"id":68,"date":"2017-10-25T10:00:54","date_gmt":"2017-10-25T10:00:54","guid":{"rendered":"http:\/\/shop.auto24ring.ee\/?page_id=68"},"modified":"2021-08-09T08:50:14","modified_gmt":"2021-08-09T08:50:14","slug":"kontakt","status":"publish","type":"page","link":"https:\/\/shop.audruring.ee\/en\/kontakt\/","title":{"rendered":"Contact"},"content":{"rendered":"<p><b>Porsche Ring\u00a0<\/b><\/p>\n<p>Phone:\u00a0<strong>+372 58 666 636<\/strong><\/p>\n<p>Broneeringud: kontakt(a)porschering.ee<br \/>\n\u00dcldinfo: info(a)porschering.ee<\/p>\n<p><b>E-shop contacts<\/b><\/p>\n<p>E-pood: shop(a)porschering.ee<\/p>\n<p>Phone:\u00a0<strong>+372 58 666 636<\/strong><\/p>\n<p>Rada O\u00dc<\/p>\n<p>Reg nr 12112827<\/p>\n<p>Audru ringrada, Papsaare k\u00fcla, Audru vald 88317, P\u00e4rnumaa.<\/p>","protected":false},"excerpt":{"rendered":"<p>Porsche Ring\u00a0 Telefon:\u00a0+372 58 666 636 Broneeringud: kontakt(a)porschering.ee \u00dcldinfo: info(a)porschering.ee Veebipoe kontaktid E-pood: shop(a)porschering.ee Telefon:\u00a0+372 58 666 636 Rada O\u00dc Reg kood 12112827 Aadress: Audru ringrada, Papsaare k\u00fcla, Audru vald 88317, P\u00e4rnumaa.<\/p>","protected":false},"author":2,"featured_media":0,"parent":0,"menu_order":0,"comment_status":"closed","ping_status":"closed","template":"","meta":[],"_links":{"self":[{"href":"https:\/\/shop.audruring.ee\/en\/wp-json\/wp\/v2\/pages\/68"}],"collection":[{"href":"https:\/\/shop.audruring.ee\/en\/wp-json\/wp\/v2\/pages"}],"about":[{"href":"https:\/\/shop.audruring.ee\/en\/wp-json\/wp\/v2\/types\/page"}],"author":[{"embeddable":true,"href":"https:\/\/shop.audruring.ee\/en\/wp-json\/wp\/v2\/users\/2"}],"replies":[{"embeddable":true,"href":"https:\/\/shop.audruring.ee\/en\/wp-json\/wp\/v2\/comments?post=68"}],"version-history":[{"count":9,"href":"https:\/\/shop.audruring.ee\/en\/wp-json\/wp\/v2\/pages\/68\/revisions"}],"predecessor-version":[{"id":5544,"href":"https:\/\/shop.audruring.ee\/en\/wp-json\/wp\/v2\/pages\/68\/revisions\/5544"}],"wp:attachment":[{"href":"https:\/\/shop.audruring.ee\/en\/wp-json\/wp\/v2\/media?parent=68"}],"curies":[{"name":"wp","href":"https:\/\/api.w.org\/{rel}","templated":true}]}}